{"id":210,"date":"2020-02-05T19:37:22","date_gmt":"2020-02-05T19:37:22","guid":{"rendered":"http:\/\/www.thehealthsource.com.mx\/?page_id=210"},"modified":"2025-05-21T23:31:36","modified_gmt":"2025-05-21T23:31:36","slug":"contactanos","status":"publish","type":"page","link":"https:\/\/thehealthsource.com.mx\/?page_id=210","title":{"rendered":"Cont\u00e1ctanos"},"content":{"rendered":"\t\t<div data-elementor-type=\"wp-page\" data-elementor-id=\"210\" class=\"elementor elementor-210\">\n\t\t\t\t\t\t<section class=\"elementor-section elementor-top-section elementor-element elementor-element-9cec241 elementor-section-boxed elementor-section-height-default elementor-section-height-default\" data-id=\"9cec241\" data-element_type=\"section\" data-e-type=\"section\">\n\t\t\t\t\t\t\t<div class=\"elementor-background-overlay\"><\/div>\n\t\t\t\t\t\t\t<div class=\"elementor-container elementor-column-gap-default\">\n\t\t\t\t\t<div class=\"elementor-column elementor-col-100 elementor-top-column elementor-element elementor-element-10146247\" data-id=\"10146247\" data-element_type=\"column\" data-e-type=\"column\">\n\t\t\t<div class=\"elementor-widget-wrap elementor-element-populated\">\n\t\t\t\t\t\t<div class=\"elementor-element elementor-element-22781707 elementor-widget elementor-widget-text-editor\" data-id=\"22781707\" data-element_type=\"widget\" data-e-type=\"widget\" data-widget_type=\"text-editor.default\">\n\t\t\t\t<div class=\"elementor-widget-container\">\n\t\t\t\t\t\t\t\t\t\n<figure class=\"wp-block-image is-resized\"><img decoding=\"async\" src=\"https:\/\/thehealthsource.com.mx\/wp-content\/uploads\/2020\/01\/Botellonpizap-3-159x300.png\" alt=\"\" class=\"wp-image-108\" width=\"104\" height=\"196\" srcset=\"https:\/\/thehealthsource.com.mx\/wp-content\/uploads\/2020\/01\/Botellonpizap-3-159x300.png 159w, https:\/\/thehealthsource.com.mx\/wp-content\/uploads\/2020\/01\/Botellonpizap-3.png 392w\" sizes=\"(max-width: 104px) 100vw, 104px\" \/><\/figure>\n\n\n\n\n<div class=\"wpcf7 no-js\" id=\"wpcf7-f331-o1\" lang=\"es-ES\" dir=\"ltr\" data-wpcf7-id=\"331\">\n<div class=\"screen-reader-response\"><p role=\"status\" aria-live=\"polite\" aria-atomic=\"true\"><\/p> <ul><\/ul><\/div>\n<form action=\"\/index.php?rest_route=%2Fwp%2Fv2%2Fpages%2F210#wpcf7-f331-o1\" method=\"post\" class=\"wpcf7-form init\" aria-label=\"Formulario de contacto\" novalidate=\"novalidate\" data-status=\"init\">\n<fieldset class=\"hidden-fields-container\"><input type=\"hidden\" name=\"_wpcf7\" value=\"331\" \/><input type=\"hidden\" name=\"_wpcf7_version\" value=\"6.1.5\" \/><input type=\"hidden\" name=\"_wpcf7_locale\" value=\"es_ES\" \/><input type=\"hidden\" name=\"_wpcf7_unit_tag\" value=\"wpcf7-f331-o1\" \/><input type=\"hidden\" name=\"_wpcf7_container_post\" value=\"0\" \/><input type=\"hidden\" name=\"_wpcf7_posted_data_hash\" value=\"\" \/>\n<\/fieldset>\n<div class=\"wpcf7-turnstile cf-turnstile\" data-sitekey=\"0x4AAAAAAC1afSLlVT1oO4UO\" data-response-field-name=\"_wpcf7_turnstile_response\"><\/div>\n\n<p><label> Tu nombre (obligatorio)<br \/>\n<span class=\"wpcf7-form-control-wrap\" data-name=\"your-name\"><input size=\"40\" maxlength=\"400\" class=\"wpcf7-form-control wpcf7-text wpcf7-validates-as-required\" aria-required=\"true\" aria-invalid=\"false\" value=\"\" type=\"text\" name=\"your-name\" \/><\/span> <\/label>\n<\/p>\n<p><label>Apellido (obligatorio)<\/label><span class=\"wpcf7-form-control-wrap\" data-name=\"text-363\"><input size=\"40\" maxlength=\"400\" class=\"wpcf7-form-control wpcf7-text wpcf7-validates-as-required\" aria-required=\"true\" aria-invalid=\"false\" value=\"\" type=\"text\" name=\"text-363\" \/><\/span>\n<\/p>\n<p><label>Tel\u00e9fono (obligatorio)<\/label><span class=\"wpcf7-form-control-wrap\" data-name=\"tel-125\"><input size=\"40\" maxlength=\"400\" class=\"wpcf7-form-control wpcf7-tel wpcf7-validates-as-required wpcf7-text wpcf7-validates-as-tel\" aria-required=\"true\" aria-invalid=\"false\" value=\"\" type=\"tel\" name=\"tel-125\" \/><\/span>\n<\/p>\n<p>\u00bfQu\u00e9 servicio necesita? (obligatorio)\n<\/p>\n<p><span class=\"wpcf7-form-control-wrap\" data-name=\"radio-133\"><span class=\"wpcf7-form-control wpcf7-radio\"><span class=\"wpcf7-list-item first\"><input type=\"radio\" name=\"radio-133\" value=\"termos\" checked=\"checked\" \/><span class=\"wpcf7-list-item-label\">termos<\/span><\/span><span class=\"wpcf7-list-item\"><input type=\"radio\" name=\"radio-133\" value=\"botellas\" \/><span class=\"wpcf7-list-item-label\">botellas<\/span><\/span><span class=\"wpcf7-list-item last\"><input type=\"radio\" name=\"radio-133\" value=\"productos para ni\u00f1o\" \/><span class=\"wpcf7-list-item-label\">productos para ni\u00f1o<\/span><\/span><\/span><\/span>\n<\/p>\n<p><label> Tu correo electr\u00f3nico (obligatorio)<br \/>\n<span class=\"wpcf7-form-control-wrap\" data-name=\"your-email\"><input size=\"40\" maxlength=\"400\" class=\"wpcf7-form-control wpcf7-email wpcf7-validates-as-required wpcf7-text wpcf7-validates-as-email\" aria-required=\"true\" aria-invalid=\"false\" value=\"\" type=\"email\" name=\"your-email\" \/><\/span> <\/label>\n<\/p>\n<p><label> Asunto (obligatorio)<br \/>\n<span class=\"wpcf7-form-control-wrap\" data-name=\"your-subject\"><input size=\"40\" maxlength=\"400\" class=\"wpcf7-form-control wpcf7-text wpcf7-validates-as-required\" aria-required=\"true\" aria-invalid=\"false\" value=\"\" type=\"text\" name=\"your-subject\" \/><\/span> <\/label>\n<\/p>\n<p><label> Tu mensaje (obligatorio)<br \/>\n<span class=\"wpcf7-form-control-wrap\" data-name=\"x3\"><textarea cols=\"40\" rows=\"10\" maxlength=\"2000\" class=\"wpcf7-form-control wpcf7-textarea wpcf7-validates-as-required\" aria-required=\"true\" aria-invalid=\"false\" name=\"x3\"><\/textarea><\/span> <\/label>\n<\/p>\n<p><div class=\"cf7-cf-turnstile\" style=\"margin-top: 0px; margin-bottom: -15px;\"> <div id=\"cf-turnstile-cf7-700466808\" class=\"cf-turnstile\" data-callback=\"turnstileCF7Callback\" data-sitekey=\"0x4AAAAAAC1afSLlVT1oO4UO\" data-theme=\"light\" data-language=\"auto\" data-size=\"normal\" data-retry=\"auto\" data-retry-interval=\"1000\" data-refresh-expired=\"auto\" data-refresh-timeout=\"auto\" data-action=\"contact-form-7\" data-callback=\"turnstileCF7Callback\" data-appearance=\"always\"><\/div> <style>.wpcf7-submit { pointer-events: none; opacity: 0.5; }<\/style> <script>document.addEventListener(\"DOMContentLoaded\", function() { setTimeout(function(){ var e=document.getElementById(\"cf-turnstile-cf7-700466808\"); if(e&&!e.innerHTML.trim()){turnstile.render(e, {sitekey:\"0x4AAAAAAC1afSLlVT1oO4UO\"});} }, 200); });<\/script> <br class=\"cf-turnstile-br cf-turnstile-br-cf7-700466808\"> <style>#cf-turnstile-cf7-700466808 { margin-left: -15px; }<\/style> <script>document.addEventListener(\"DOMContentLoaded\",function(){document.querySelectorAll('.wpcf7-form').forEach(function(e){e.addEventListener('submit',function(){if(document.getElementById('cf-turnstile-cf7-700466808')){setTimeout(function(){turnstile.reset('#cf-turnstile-cf7-700466808');},1000)}})})});<\/script> <\/div><br\/><input class=\"wpcf7-form-control wpcf7-submit has-spinner\" type=\"submit\" value=\"Enviar\" \/>\n<\/p><div class=\"wpcf7-response-output\" aria-hidden=\"true\"><\/div>\n<\/form>\n<\/div>\n\n\n\n\n<p><\/p>\n\t\t\t\t\t\t\t\t<\/div>\n\t\t\t\t<\/div>\n\t\t\t\t\t<\/div>\n\t\t<\/div>\n\t\t\t\t\t<\/div>\n\t\t<\/section>\n\t\t\t\t<section class=\"elementor-section elementor-top-section elementor-element elementor-element-104cf7a6 elementor-section-content-middle elementor-section-boxed elementor-section-height-default elementor-section-height-default\" data-id=\"104cf7a6\" data-element_type=\"section\" data-e-type=\"section\">\n\t\t\t\t\t\t<div class=\"elementor-container elementor-column-gap-no\">\n\t\t\t\t\t<div class=\"elementor-column elementor-col-100 elementor-top-column elementor-element elementor-element-f40afb1\" data-id=\"f40afb1\" data-element_type=\"column\" data-e-type=\"column\">\n\t\t\t<div class=\"elementor-widget-wrap elementor-element-populated\">\n\t\t\t\t\t\t<div class=\"elementor-element elementor-element-63cba8a7 elementor-widget elementor-widget-heading\" data-id=\"63cba8a7\" data-element_type=\"widget\" data-e-type=\"widget\" data-widget_type=\"heading.default\">\n\t\t\t\t<div class=\"elementor-widget-container\">\n\t\t\t\t\t<h6 class=\"elementor-heading-title elementor-size-default\">Contacto:<\/h6>\t\t\t\t<\/div>\n\t\t\t\t<\/div>\n\t\t\t\t<div class=\"elementor-element elementor-element-7595a27a elementor-widget elementor-widget-heading\" data-id=\"7595a27a\" data-element_type=\"widget\" data-e-type=\"widget\" data-widget_type=\"heading.default\">\n\t\t\t\t<div class=\"elementor-widget-container\">\n\t\t\t\t\t<h3 class=\"elementor-heading-title elementor-size-default\">Poniente 128 n.496 Col. Industrial Vallejo Azcapotzalco CDMX<br>Tel\u00e9fono de contacto:<br>55 5368 6366 Ext. 248\/ 55 3579 4608<br>ventas@thehealthsource.com.mx<\/h3>\t\t\t\t<\/div>\n\t\t\t\t<\/div>\n\t\t\t\t<div class=\"elementor-element elementor-element-d47832d elementor-view-default elementor-widget elementor-widget-icon\" data-id=\"d47832d\" data-element_type=\"widget\" data-e-type=\"widget\" data-widget_type=\"icon.default\">\n\t\t\t\t<div class=\"elementor-widget-container\">\n\t\t\t\t\t\t\t<div class=\"elementor-icon-wrapper\">\n\t\t\t<div class=\"elementor-icon\">\n\t\t\t<i aria-hidden=\"true\" class=\"fas fa-people-arrows\"><\/i>\t\t\t<\/div>\n\t\t<\/div>\n\t\t\t\t\t\t<\/div>\n\t\t\t\t<\/div>\n\t\t\t\t<div class=\"elementor-element elementor-element-3c6f56f1 elementor-widget elementor-widget-google_maps\" data-id=\"3c6f56f1\" data-element_type=\"widget\" data-e-type=\"widget\" data-widget_type=\"google_maps.default\">\n\t\t\t\t<div class=\"elementor-widget-container\">\n\t\t\t\t\t\t\t<div class=\"elementor-custom-embed\">\n\t\t\t<iframe loading=\"lazy\"\n\t\t\t\t\tsrc=\"https:\/\/maps.google.com\/maps?q=Poniente%20128%20496%20colonia%20industrial%20vallejo&#038;t=m&#038;z=18&#038;output=embed&#038;iwloc=near\"\n\t\t\t\t\ttitle=\"Poniente 128 496 colonia industrial vallejo\"\n\t\t\t\t\taria-label=\"Poniente 128 496 colonia industrial vallejo\"\n\t\t\t><\/iframe>\n\t\t<\/div>\n\t\t\t\t\t\t<\/div>\n\t\t\t\t<\/div>\n\t\t\t\t<div class=\"elementor-element elementor-element-c133d08 elementor-alert-info elementor-widget elementor-widget-alert\" data-id=\"c133d08\" data-element_type=\"widget\" data-e-type=\"widget\" data-widget_type=\"alert.default\">\n\t\t\t\t<div class=\"elementor-widget-container\">\n\t\t\t\t\t\t\t<div class=\"elementor-alert\" role=\"alert\">\n\n\t\t\t\t\t\t<span class=\"elementor-alert-title\">\"T\u00e9rminos y Condiciones\"<\/span>\n\t\t\t\n\t\t\t\t\t\t<span class=\"elementor-alert-description\">Las transacciones ser\u00e1n efectuadas mediante la pasarela de Openpay.<br><span style=\"font-family: Arial, sans-serif;font-size: 13px;font-style: normal;font-weight: 400\">\u201c<\/span><font face=\"Arial, sans-serif\" style=\"font-family: Arial, sans-serif;font-size: 13px;font-style: normal\"><font style=\"font-size: 9pt\"><b>TheHealth Source<\/b> extiende las <b>garant\u00edas<\/b> del fabricante (si existen), de acuerdo a sus t\u00e9rminos y condiciones\u201d.<\/font><\/font><br><p align=\"center\" style=\"line-height: 100%;margin-top: 0.11cm;margin-bottom: 0.11cm\"><\/p><p align=\"justify\" style=\"line-height: 100%;margin-bottom: 0.35cm\">\n<font face=\"Arial, serif\"><font style=\"font-size: 10pt\"><b>Tiempos de Entrega<\/b>:El tiempo de entrega est\u00e1 sujeto a la confirmaci\u00f3n escrita del mismo en el momento de colocada la orden. Aproximadamente 3-5 dias h\u00e1biles y estar\u00e1 sujeto a variaci\u00f3n o retrasos por causas razonablemente fuera de nuestro control entre los cuales se incluyen sin limitarse a, d\u00edas festivos, disposiciones gubernamentales, temblores, incendios, terremotos, inundaciones, tormentas, accidentes, robos, actos de rebeli\u00f3n, revueltas, manifestaciones, huelgas, paros, disposiciones civiles o militares, guerra, quiebras, problemas para la obtenci\u00f3n de materias primas,etc.<\/font><\/font><br><br><font face=\"Arial, serif\"><font style=\"font-size: 10pt\"><\/font><\/font><\/p><div style=\"text-align: justify\"><font face=\"Arial, serif\"><font style=\"font-size: 10pt\"><b style=\"font-family: Arial, sans-serif;font-style: inherit;font-size: 10pt;text-align: start\">Pol\u00edticas <\/b><b style=\"font-size: 10pt;font-style: inherit;font-family: Arial, sans-serif;text-align: start\">de Cancelaci\u00f3n y\/o Modificaci\u00f3n del Pedido: <\/b><\/font><\/font><p align=\"justify\" style=\"line-height: 100%;margin-bottom: 0.35cm\"><font style=\"font-size: 10pt\"><font face=\"Arial, serif\">La cancelaci\u00f3n del pedido, producto o servicio y\/o alteraci\u00f3n del mismo se someter\u00e1 a evaluaci\u00f3n de <\/font><font face=\"Arial, serif\"><b>The Health Source,<\/b><\/font><font face=\"Arial, serif\">  y\/o el fabricante y en caso de proceder, podr\u00e1 causar un cargo que var\u00ede desde el 30% hasta el valor total del pedido, servicio o producto cancelado, dependiendo de los gastos incurridos hasta el momento de\nla cancelaci\u00f3n, mismos que ser\u00e1n determinados por <\/font><font face=\"Arial, serif\"><b>The Health Source.<\/b><\/font><\/font><\/p><br>\n<font face=\"Arial, serif\"><font style=\"font-size: 10pt\"><b style=\"font-size: 10pt;font-style: inherit;font-family: Arial, sans-serif;text-align: start\"> <\/b><\/font><\/font><\/div><p><\/p><p align=\"center\"><\/p><\/span>\n\t\t\t\n\t\t\t\t\t\t<button type=\"button\" class=\"elementor-alert-dismiss\" aria-label=\"Descartar esta alerta.\">\n\t\t\t\t\t\t\t\t\t<span aria-hidden=\"true\">&times;<\/span>\n\t\t\t\t\t\t\t<\/button>\n\t\t\t\n\t\t<\/div>\n\t\t\t\t\t\t<\/div>\n\t\t\t\t<\/div>\n\t\t\t\t<div class=\"elementor-element elementor-element-6f774cca elementor-shape-rounded elementor-grid-0 e-grid-align-center elementor-widget elementor-widget-social-icons\" data-id=\"6f774cca\" data-element_type=\"widget\" data-e-type=\"widget\" data-widget_type=\"social-icons.default\">\n\t\t\t\t<div class=\"elementor-widget-container\">\n\t\t\t\t\t\t\t<div class=\"elementor-social-icons-wrapper elementor-grid\" role=\"list\">\n\t\t\t\t\t\t\t<span class=\"elementor-grid-item\" role=\"listitem\">\n\t\t\t\t\t<a class=\"elementor-icon elementor-social-icon elementor-social-icon-facebook-f elementor-animation-grow elementor-repeater-item-9c86cde\" href=\"https:\/\/www.facebook.com\/profile.php?id=100006583455620\" target=\"_blank\">\n\t\t\t\t\t\t<span class=\"elementor-screen-only\">Facebook-f<\/span>\n\t\t\t\t\t\t<i aria-hidden=\"true\" class=\"fab fa-facebook-f\"><\/i>\t\t\t\t\t<\/a>\n\t\t\t\t<\/span>\n\t\t\t\t\t\t\t<span class=\"elementor-grid-item\" role=\"listitem\">\n\t\t\t\t\t<a class=\"elementor-icon elementor-social-icon elementor-social-icon-instagram elementor-animation-grow elementor-repeater-item-7b9d1bc\" href=\"https:\/\/www.instagram.com\/thehealthsource6048\/?hl=es-la\" target=\"_blank\">\n\t\t\t\t\t\t<span class=\"elementor-screen-only\">Instagram<\/span>\n\t\t\t\t\t\t<i aria-hidden=\"true\" class=\"fab fa-instagram\"><\/i>\t\t\t\t\t<\/a>\n\t\t\t\t<\/span>\n\t\t\t\t\t<\/div>\n\t\t\t\t\t\t<\/div>\n\t\t\t\t<\/div>\n\t\t\t\t\t<\/div>\n\t\t<\/div>\n\t\t\t\t\t<\/div>\n\t\t<\/section>\n\t\t\t\t<\/div>\n\t\t","protected":false},"excerpt":{"rendered":"<p>Contacto: Poniente 128 n.496 Col. Industrial Vallejo Azcapotzalco CDMXTel\u00e9fono de contacto:55 5368 6366 Ext. 248\/ 55 3579 4608ventas@thehealthsource.com.mx \u00abT\u00e9rminos y Condiciones\u00bb Las transacciones ser\u00e1n efectuadas mediante la pasarela de Openpay.\u201cTheHealth Source extiende las garant\u00edas del fabricante (si existen), de acuerdo a sus t\u00e9rminos y condiciones\u201d. Tiempos de Entrega:El tiempo de entrega est\u00e1 sujeto a la [&hellip;]<\/p>\n","protected":false},"author":1,"featured_media":0,"parent":0,"menu_order":0,"comment_status":"closed","ping_status":"closed","template":"","meta":{"site-sidebar-layout":"default","site-content-layout":"default","ast-site-content-layout":"default","site-content-style":"default","site-sidebar-style":"default","ast-global-header-display":"","ast-banner-title-visibility":"","ast-main-header-display":"","ast-hfb-above-header-display":"","ast-hfb-below-header-display":"","ast-hfb-mobile-header-display":"","site-post-title":"","ast-breadcrumbs-content":"","ast-featured-img":"","footer-sml-layout":"","ast-disable-related-posts":"","theme-transparent-header-meta":"default","adv-header-id-meta":"","stick-header-meta":"","header-above-stick-meta":"","header-main-stick-meta":"","header-below-stick-meta":"","astra-migrate-meta-layouts":"default","ast-page-background-enabled":"default","ast-page-background-meta":{"desktop":{"background-color":"","background-image":"","background-repeat":"repeat","background-position":"center center","background-size":"auto","background-attachment":"scroll","background-type":"","background-media":"","overlay-type":"","overlay-color":"","overlay-opacity":"","overlay-gradient":""},"tablet":{"background-color":"","background-image":"","background-repeat":"repeat","background-position":"center center","background-size":"auto","background-attachment":"scroll","background-type":"","background-media":"","overlay-type":"","overlay-color":"","overlay-opacity":"","overlay-gradient":""},"mobile":{"background-color":"","background-image":"","background-repeat":"repeat","background-position":"center center","background-size":"auto","background-attachment":"scroll","background-type":"","background-media":"","overlay-type":"","overlay-color":"","overlay-opacity":"","overlay-gradient":""}},"ast-content-background-meta":{"desktop":{"background-color":"var(--ast-global-color-5)","background-image":"","background-repeat":"repeat","background-position":"center center","background-size":"auto","background-attachment":"scroll","background-type":"","background-media":"","overlay-type":"","overlay-color":"","overlay-opacity":"","overlay-gradient":""},"tablet":{"background-color":"var(--ast-global-color-5)","background-image":"","background-repeat":"repeat","background-position":"center center","background-size":"auto","background-attachment":"scroll","background-type":"","background-media":"","overlay-type":"","overlay-color":"","overlay-opacity":"","overlay-gradient":""},"mobile":{"background-color":"var(--ast-global-color-5)","background-image":"","background-repeat":"repeat","background-position":"center center","background-size":"auto","background-attachment":"scroll","background-type":"","background-media":"","overlay-type":"","overlay-color":"","overlay-opacity":"","overlay-gradient":""}},"footnotes":""},"class_list":["post-210","page","type-page","status-publish","hentry"],"_links":{"self":[{"href":"https:\/\/thehealthsource.com.mx\/index.php?rest_route=\/wp\/v2\/pages\/210","targetHints":{"allow":["GET"]}}],"collection":[{"href":"https:\/\/thehealthsource.com.mx\/index.php?rest_route=\/wp\/v2\/pages"}],"about":[{"href":"https:\/\/thehealthsource.com.mx\/index.php?rest_route=\/wp\/v2\/types\/page"}],"author":[{"embeddable":true,"href":"https:\/\/thehealthsource.com.mx\/index.php?rest_route=\/wp\/v2\/users\/1"}],"replies":[{"embeddable":true,"href":"https:\/\/thehealthsource.com.mx\/index.php?rest_route=%2Fwp%2Fv2%2Fcomments&post=210"}],"version-history":[{"count":32,"href":"https:\/\/thehealthsource.com.mx\/index.php?rest_route=\/wp\/v2\/pages\/210\/revisions"}],"predecessor-version":[{"id":2714,"href":"https:\/\/thehealthsource.com.mx\/index.php?rest_route=\/wp\/v2\/pages\/210\/revisions\/2714"}],"wp:attachment":[{"href":"https:\/\/thehealthsource.com.mx\/index.php?rest_route=%2Fwp%2Fv2%2Fmedia&parent=210"}],"curies":[{"name":"wp","href":"https:\/\/api.w.org\/{rel}","templated":true}]}}