{"id":2546,"date":"2025-05-22T22:50:04","date_gmt":"2025-05-22T22:50:04","guid":{"rendered":"https:\/\/thehealthsource.com.mx\/?page_id=2546"},"modified":"2025-05-23T15:01:17","modified_gmt":"2025-05-23T15:01:17","slug":"aviso-de-privacidad","status":"publish","type":"page","link":"https:\/\/thehealthsource.com.mx\/?page_id=2546","title":{"rendered":"Aviso de privacidad"},"content":{"rendered":"\n<p><strong>Aviso de Privacidad<\/strong><\/p>\n\n\n\n<p>En cumplimiento a la Ley Federal de Protecci\u00f3n de Datos Personales en Posesi\u00f3n de los Particulares y de su Reglamento (la \u201cLey\u201d), y con el fin de asegurar la protecci\u00f3n y privacidad de los datos personales, as\u00ed como regular los derechos de acceso, rectificaci\u00f3n, cancelaci\u00f3n y oposici\u00f3n del tratamiento de los mismos, le comunica el presente Aviso.<\/p>\n\n\n\n<p>The Health Source, ubicada en Poniente 128 n.496 Col. Industrial Vallejo Azcapotzalco, CDMX con Tel\u00e9fono de contacto: 55 5368 6366 Ext. 248\/ 55 3579 4608 y correo electr\u00f3nico: ventas@thehealthsource.com.mx, le informa que es responsable de proteger la confidencialidad de los datos personales y datos personales sensibles as\u00ed como de garantizar su privacidad y su derecho a la autodeterminaci\u00f3n informativa.<\/p>\n\n\n\n<p>El ejercicio de los derechos de acceso, rectificaci\u00f3n, cancelaci\u00f3n, oposici\u00f3n, limitaci\u00f3n de uso o la revocaci\u00f3n del consentimiento, podr\u00e1 solicitarse por escrito al Departamento de Privacidad en el correo electr\u00f3nico: ventas@thehealthsource.com.mx<\/p>\n\n\n\n<p><strong>Pol\u00edtica de Privacidad<\/strong><\/p>\n\n\n\n<p>La finalidad del presente Aviso es asegurar la privacidad de los datos proporcionados por nuestros pacientes con el fin de vincularse con los servicios profesionales proporcionados por el Responsable.<\/p>\n\n\n\n<p>Al proporcionar sus datos personales, el titular est\u00e1 de acuerdo en su tratamiento, seg\u00fan es mencionado en la Fracci\u00f3n XVIII del Art\u00edculo 3 de la Ley. En caso de no estar de acuerdo el titular no deber\u00e1 proporcionar dato alguno.<\/p>\n\n\n\n<p><strong>Finalidades<\/strong><\/p>\n\n\n\n<p>El Responsable puede recabar datos personales, datos personales sensibles y datos personales financieros o patrimoniales, con algunas de las siguientes finalidades:<\/p>\n\n\n\n<p>Venta de productos &nbsp;y, en general, para fines mercadot\u00e9cnicos o publicitarios.<\/p>\n\n\n\n<p><strong>Datos Personales<\/strong><\/p>\n\n\n\n<p>Pueden ser objeto de tratamiento los siguientes datos personales, datos personales sensibles y datos personales financieros o patrimoniales, que se presentan en forma enunciativa m\u00e1s no limitativa:<\/p>\n\n\n\n<p>Datos de identificaci\u00f3n: nombre completo, edad, fecha y lugar de nacimiento, g\u00e9nero, direcci\u00f3n particular o de env\u00edo, correo electr\u00f3nico, tel\u00e9fonos de contacto<\/p>\n\n\n\n<p>En caso de no contar con algunos de los datos citados, podr\u00eda existir la posibilidad de que el Responsable no pueda proporcionar los servicios propios de la relaci\u00f3n jur\u00eddica que se establezca con el Titular.<\/p>\n\n\n\n<p>Asimismo, hacemos de su conocimiento que, con el fin de cumplir con los objetivos establecidos en este Aviso, se recopilar\u00e1n y procesar\u00e1n los datos personales sensibles, tal como se detalla en los apartados previos. En virtud de esto, el Responsable se compromete a asegurar que los datos personales se manejar\u00e1n con las m\u00e1s rigurosas medidas de seguridad, preservando en todo momento su confidencialidad.<\/p>\n\n\n\n<p><strong>Principios<\/strong><\/p>\n\n\n\n<p>El Responsable observa los principios de confidencialidad, licitud, consentimiento, informaci\u00f3n, calidad, finalidad, lealtad, proporcionalidad y responsabilidad en la protecci\u00f3n de datos personales, seg\u00fan lo establece el Art\u00edculo 6 de la Ley.<\/p>\n\n\n\n<p><strong>Transferencia de datos<\/strong><\/p>\n\n\n\n<p>El Responsable podr\u00e1 realizar las transferencias nacionales o internacionales de datos sin el consentimiento del titular en los casos previstos en el art\u00edculo 37 de la Ley Federal de Protecci\u00f3n de Datos Personales en Posesi\u00f3n de Particulares y en su Reglamento.<\/p>\n\n\n\n<p>Tambi\u00e9n podr\u00e1 realizar transferencias de datos a entidades proveedoras de servicios para el cumplimiento de las obligaciones contractuales acordadas.<\/p>\n\n\n\n<p>El Responsable podr\u00e1 recabar, con la finalidad se\u00f1alada, los siguientes datos: nombre, firma y fotograf\u00eda de las personas que ingresan y transitan por las instalaciones y zona perimetral, la cual en ciertos contextos, podr\u00eda resultar un dato personal sensible.<\/p>\n\n\n\n<p>Se informa que no se realizar\u00e1n transferencias de datos personales, salvo aqu\u00e9llas que sean necesarias para atender requerimientos de informaci\u00f3n de una autoridad competente, que est\u00e9n debidamente fundados y motivados.<\/p>\n\n\n\n<p>Los terceros y las entidades receptoras de datos personales, asumir\u00e1n las mismas obligaciones y\/o responsabilidades que el Responsable ha asumido con el titular en el presente Aviso.<\/p>\n\n\n\n<p>El titular de datos personales que establece una relaci\u00f3n jur\u00eddica con el Responsable acepta que sus datos personales podr\u00edan ser transferidos en los t\u00e9rminos descritos en la Ley, su Reglamento y el presente Aviso de Privacidad.<\/p>\n\n\n\n<p>El tratamiento de sus datos personales ser\u00e1 el que resulte necesario, adecuado y relevante en relaci\u00f3n con las finalidades previstas en este Aviso de Privacidad.<\/p>\n\n\n\n<p>El Responsable cuenta con las medidas de seguridad, administrativas, t\u00e9cnicas y f\u00edsicas necesarias y suficientes para proteger sus datos personales contra da\u00f1o, p\u00e9rdida, alteraci\u00f3n, destrucci\u00f3n, uso, acceso o tratamiento no autorizado.<\/p>\n\n\n\n<p>Los datos personales son salvaguardados en bases de datos y equipos de c\u00f3mputo que cuentan con la seguridad necesaria para prevenir fugas de informaci\u00f3n. Controles de acceso f\u00edsico y l\u00f3gico, controles ambientales, sistemas de protecci\u00f3n anti intrusos (IPS, Firewal), herramientas de protecci\u00f3n antivirus y filtrado web son algunas de las herramientas utilizadas para mantener la seguridad de los datos en los sistemas del Responsable.<\/p>\n\n\n\n<p>Si el titular desea solicitar la limitaci\u00f3n del uso o divulgaci\u00f3n de sus datos personales puede hacerlo en el Departamento de Privacidad en el correo electr\u00f3nico: ventas@thehealthsource.com.mx<\/p>\n\n\n\n<p><strong>Derechos de los Titulares de Datos Personales<\/strong><\/p>\n\n\n\n<p>Cualquier titular o, en su caso, su representante legal podr\u00e1 ejercer los derechos de acceso, rectificaci\u00f3n, cancelaci\u00f3n y oposici\u00f3n sobre sus datos personales, y el Responsable proveer\u00e1 los medios que le permitan un oportuno ejercicio de sus derechos. El ejercicio de los derechos de acceso, rectificaci\u00f3n, cancelaci\u00f3n, oposici\u00f3n, limitaci\u00f3n de uso o la revocaci\u00f3n del consentimiento, deber\u00e1n solicitarse por escrito \u00fanicamente ante Departamento de Privacidad en el correo electr\u00f3nico ventas@thehealthsource.com.mx<\/p>\n\n\n\n<p><strong>Procedimiento para el ejercicio de los Derechos ARCO<\/strong><\/p>\n\n\n\n<p>Usted tiene derecho a conocer qu\u00e9 datos personales tenemos almacenados, para qu\u00e9 los utilizamos y las condiciones del uso que les damos (Acceso). Asimismo, es su derecho solicitar la correcci\u00f3n de su informaci\u00f3n personal en caso de que est\u00e9 desactualizada, sea inexacta o incompleta (Rectificaci\u00f3n); que la eliminemos de nuestros registros o bases de datos cuando considere que la misma no est\u00e9 siendo utilizada adecuadamente (Cancelaci\u00f3n); as\u00ed como oponerse al uso de sus datos personales para fines espec\u00edficos (Oposici\u00f3n). Estos derechos se conocen como derechos ARCO.<\/p>\n\n\n\n<p>Para el ejercicio de los derechos ARCO, y de conformidad art\u00edculo 29 de la Ley Federal de Protecci\u00f3n de Datos Personales en Posesi\u00f3n de los Particulares es necesario que se env\u00ede la solicitud, por escrito al Departamento de Privacidad a trav\u00e9s del correo electr\u00f3nico draoftalmologia@gmail.com, el cual deber\u00e1 contener y acompa\u00f1ar lo siguiente:<\/p>\n\n\n\n<p>El nombre del titular y domicilio u otro medio para comunicarle la respuesta a su solicitud; 2. Los documentos que acrediten la identidad o, en su caso, la representaci\u00f3n legal del titular;<\/p>\n\n\n\n<p>La descripci\u00f3n clara y precisa de los datos personales respecto de los que se busca ejercer alguno de los derechos antes mencionados, y cualquier otro elemento o documento que facilite la localizaci\u00f3n de los datos personales.<\/p>\n\n\n\n<p>De conformidad con el art\u00edculo 32 de la citada ley, el Responsable comunicar\u00e1 al titular, en veinte d\u00edas h\u00e1biles contados desde la fecha en que se recibi\u00f3 la solicitud de acceso, rectificaci\u00f3n, cancelaci\u00f3n u oposici\u00f3n, la determinaci\u00f3n adoptada a efecto de que, si resulta procedente, se haga efectiva la misma dentro de los quince d\u00edas h\u00e1biles siguientes a la fecha en que se comunica la respuesta. Los plazos antes referidos, podr\u00e1n ser ampliados una sola vez por un periodo igual, siempre y cuando as\u00ed lo justifiquen las circunstancias del caso.<\/p>\n\n\n\n<p><strong>Acceso<\/strong><\/p>\n\n\n\n<p>La obligaci\u00f3n de acceso a la informaci\u00f3n se dar\u00e1 por cumplida cuando se pongan a disposici\u00f3n del titular los datos personales.<\/p>\n\n\n\n<p><strong>Revocaci\u00f3n<\/strong><\/p>\n\n\n\n<p>Usted puede revocar el consentimiento que, en su caso, nos haya otorgado para el tratamiento de sus datos personales en cualquier momento, debiendo, \u00fanicamente para tales efectos enviar una solicitud por escrito al Departamento de Privacidad en el correo electr\u00f3nico: ventas@thehealthsource.com.mx<\/p>\n\n\n\n<p>Sin embargo, es importante que tenga en cuenta que no en todos los casos podremos atender su solicitud o concluir el uso de forma inmediata, ya que es posible que por alguna obligaci\u00f3n legal requiramos seguir tratando sus datos personales. Asimismo, usted deber\u00e1 considerar que, para ciertos fines, la revocaci\u00f3n de su consentimiento implicar\u00e1 que no le podamos seguir prestando el servicio que nos solicit\u00f3, o la conclusi\u00f3n de su relaci\u00f3n con nosotros.<\/p>\n\n\n\n<p><strong>Cambios a este Aviso<\/strong><\/p>\n\n\n\n<p>El Responsable se reserva el derecho de efectuar en cualquier momento modificaciones o actualizaciones al presente aviso de privacidad, para la atenci\u00f3n de novedades legislativas o jurisprudenciales, pol\u00edticas internas, nuevos requerimientos para la prestaci\u00f3n u ofrecimiento de los servicios que ofrece el Responsable.<\/p>\n\n\n\n<p><strong>Consentimiento general<\/strong><\/p>\n\n\n\n<p>Habi\u00e9ndose puesto a disposici\u00f3n del Titular este Aviso de Privacidad y sus modificaciones, ya sea personalmente o a trav\u00e9s de la p\u00e1gina de internet o de otros medios, y no habiendo manifestado inmediatamente oposici\u00f3n alguna, se entender\u00e1 que el titular ha consentido t\u00e1citamente el tratamiento de sus datos. Si el titular proporcion\u00f3 sus datos verbalmente, por escrito, por medios electr\u00f3nicos, \u00f3pticos o por signos inequ\u00edvocos, o por cualquier otra tecnolog\u00eda, se entender\u00e1 que ha dado su consentimiento expreso.<\/p>\n\n\n\n<p><strong>Consentimiento expreso<\/strong><\/p>\n\n\n\n<p>De conformidad con los art\u00edculos aplicables de la Ley Federal para la Protecci\u00f3n de Datos Personales en Posesi\u00f3n de los Particulares, por medio de la presente: (a). El titular reconoce que ha le\u00eddo este Aviso de Privacidad y entendido sus alcances; (b). El titular otorga su consentimiento expreso para el tratamiento de sus datos personales, datos personales sensibles y datos personales financieros o patrimoniales para los fines establecidos en este Aviso de Privacidad; y (c). El titular acepta que el Responsable pueda transferir sus datos personales, datos personales sensibles y datos personales financieros o patrimoniales a terceros distintos del encargado. Este consentimiento expreso puede documentarse a trav\u00e9s de firma aut\u00f3grafa, firma electr\u00f3nica o cualquier mecanismo de autenticaci\u00f3n.<\/p>\n\n\n\n<p><strong>Fecha de \u00faltima actualizaci\u00f3n: 22 de mayo de 2025<\/strong><\/p>\n","protected":false},"excerpt":{"rendered":"<p>Aviso de Privacidad En cumplimiento a la Ley Federal de Protecci\u00f3n de Datos Personales en Posesi\u00f3n de los Particulares y de su Reglamento (la \u201cLey\u201d), y con el fin de asegurar la protecci\u00f3n y privacidad de los datos personales, as\u00ed como regular los derechos de acceso, rectificaci\u00f3n, cancelaci\u00f3n y oposici\u00f3n del tratamiento de los mismos, [&hellip;]<\/p>\n","protected":false},"author":2,"featured_media":0,"parent":0,"menu_order":0,"comment_status":"closed","ping_status":"closed","template":"","meta":{"site-sidebar-layout":"default","site-content-layout":"","ast-site-content-layout":"default","site-content-style":"default","site-sidebar-style":"default","ast-global-header-display":"","ast-banner-title-visibility":"","ast-main-header-display":"","ast-hfb-above-header-display":"","ast-hfb-below-header-display":"","ast-hfb-mobile-header-display":"","site-post-title":"","ast-breadcrumbs-content":"","ast-featured-img":"","footer-sml-layout":"","ast-disable-related-posts":"","theme-transparent-header-meta":"","adv-header-id-meta":"","stick-header-meta":"","header-above-stick-meta":"","header-main-stick-meta":"","header-below-stick-meta":"","astra-migrate-meta-layouts":"set","ast-page-background-enabled":"default","ast-page-background-meta":{"desktop":{"background-color":"","background-image":"","background-repeat":"repeat","background-position":"center center","background-size":"auto","background-attachment":"scroll","background-type":"","background-media":"","overlay-type":"","overlay-color":"","overlay-opacity":"","overlay-gradient":""},"tablet":{"background-color":"","background-image":"","background-repeat":"repeat","background-position":"center center","background-size":"auto","background-attachment":"scroll","background-type":"","background-media":"","overlay-type":"","overlay-color":"","overlay-opacity":"","overlay-gradient":""},"mobile":{"background-color":"","background-image":"","background-repeat":"repeat","background-position":"center center","background-size":"auto","background-attachment":"scroll","background-type":"","background-media":"","overlay-type":"","overlay-color":"","overlay-opacity":"","overlay-gradient":""}},"ast-content-background-meta":{"desktop":{"background-color":"var(--ast-global-color-5)","background-image":"","background-repeat":"repeat","background-position":"center center","background-size":"auto","background-attachment":"scroll","background-type":"","background-media":"","overlay-type":"","overlay-color":"","overlay-opacity":"","overlay-gradient":""},"tablet":{"background-color":"var(--ast-global-color-5)","background-image":"","background-repeat":"repeat","background-position":"center center","background-size":"auto","background-attachment":"scroll","background-type":"","background-media":"","overlay-type":"","overlay-color":"","overlay-opacity":"","overlay-gradient":""},"mobile":{"background-color":"var(--ast-global-color-5)","background-image":"","background-repeat":"repeat","background-position":"center center","background-size":"auto","background-attachment":"scroll","background-type":"","background-media":"","overlay-type":"","overlay-color":"","overlay-opacity":"","overlay-gradient":""}},"footnotes":""},"class_list":["post-2546","page","type-page","status-publish","hentry"],"_links":{"self":[{"href":"https:\/\/thehealthsource.com.mx\/index.php?rest_route=\/wp\/v2\/pages\/2546","targetHints":{"allow":["GET"]}}],"collection":[{"href":"https:\/\/thehealthsource.com.mx\/index.php?rest_route=\/wp\/v2\/pages"}],"about":[{"href":"https:\/\/thehealthsource.com.mx\/index.php?rest_route=\/wp\/v2\/types\/page"}],"author":[{"embeddable":true,"href":"https:\/\/thehealthsource.com.mx\/index.php?rest_route=\/wp\/v2\/users\/2"}],"replies":[{"embeddable":true,"href":"https:\/\/thehealthsource.com.mx\/index.php?rest_route=%2Fwp%2Fv2%2Fcomments&post=2546"}],"version-history":[{"count":4,"href":"https:\/\/thehealthsource.com.mx\/index.php?rest_route=\/wp\/v2\/pages\/2546\/revisions"}],"predecessor-version":[{"id":2551,"href":"https:\/\/thehealthsource.com.mx\/index.php?rest_route=\/wp\/v2\/pages\/2546\/revisions\/2551"}],"wp:attachment":[{"href":"https:\/\/thehealthsource.com.mx\/index.php?rest_route=%2Fwp%2Fv2%2Fmedia&parent=2546"}],"curies":[{"name":"wp","href":"https:\/\/api.w.org\/{rel}","templated":true}]}}