{"id":2286,"date":"2024-03-14T23:45:05","date_gmt":"2024-03-14T23:45:05","guid":{"rendered":"https:\/\/thehealthsource.com.mx\/?post_type=product&#038;p=2286"},"modified":"2026-01-28T10:02:10","modified_gmt":"2026-01-28T16:02:10","slug":"rise","status":"publish","type":"product","link":"https:\/\/thehealthsource.com.mx\/?product=rise","title":{"rendered":"Modelos Rise"},"content":{"rendered":"<p>Nuestra colecci\u00f3n Rise presenta 5 dise\u00f1os vers\u00e1tiles. Puedes usarlos para bebidas con hielo o para mantener caliente tu caf\u00e9 por m\u00e1s tiempo. Todos nuestros productos tambi\u00e9n se combinan perfectamente con nuestros popotes de acero con punta de silicon.<\/p>\n","protected":false},"excerpt":{"rendered":"<p>Nuestra colecci\u00f3n Rise presenta 5 dise\u00f1os vers\u00e1tiles. Puedes usarlos para bebidas con hielo o para mantener caliente tu caf\u00e9 por m\u00e1s tiempo. Todos nuestros productos tambi\u00e9n se combinan perfectamente con nuestros popotes de acero con punta de silicon.<\/p>\n","protected":false},"featured_media":2310,"template":"","meta":{"site-sidebar-layout":"default","site-content-layout":"default","ast-site-content-layout":"default","site-content-style":"default","site-sidebar-style":"default","ast-global-header-display":"","ast-banner-title-visibility":"","ast-main-header-display":"","ast-hfb-above-header-display":"","ast-hfb-below-header-display":"","ast-hfb-mobile-header-display":"","site-post-title":"","ast-breadcrumbs-content":"","ast-featured-img":"","footer-sml-layout":"","ast-disable-related-posts":"","theme-transparent-header-meta":"default","adv-header-id-meta":"","stick-header-meta":"","header-above-stick-meta":"","header-main-stick-meta":"","header-below-stick-meta":"","astra-migrate-meta-layouts":"set","ast-page-background-enabled":"default","ast-page-background-meta":{"desktop":{"background-color":"","background-image":"","background-repeat":"repeat","background-position":"center center","background-size":"auto","background-attachment":"scroll","background-type":"","background-media":"","overlay-type":"","overlay-color":"","overlay-opacity":"","overlay-gradient":""},"tablet":{"background-color":"","background-image":"","background-repeat":"repeat","background-position":"center center","background-size":"auto","background-attachment":"scroll","background-type":"","background-media":"","overlay-type":"","overlay-color":"","overlay-opacity":"","overlay-gradient":""},"mobile":{"background-color":"","background-image":"","background-repeat":"repeat","background-position":"center center","background-size":"auto","background-attachment":"scroll","background-type":"","background-media":"","overlay-type":"","overlay-color":"","overlay-opacity":"","overlay-gradient":""}},"ast-content-background-meta":{"desktop":{"background-color":"var(--ast-global-color-5)","background-image":"","background-repeat":"repeat","background-position":"center center","background-size":"auto","background-attachment":"scroll","background-type":"","background-media":"","overlay-type":"","overlay-color":"","overlay-opacity":"","overlay-gradient":""},"tablet":{"background-color":"var(--ast-global-color-5)","background-image":"","background-repeat":"repeat","background-position":"center center","background-size":"auto","background-attachment":"scroll","background-type":"","background-media":"","overlay-type":"","overlay-color":"","overlay-opacity":"","overlay-gradient":""},"mobile":{"background-color":"var(--ast-global-color-5)","background-image":"","background-repeat":"repeat","background-position":"center center","background-size":"auto","background-attachment":"scroll","background-type":"","background-media":"","overlay-type":"","overlay-color":"","overlay-opacity":"","overlay-gradient":""}}},"product_brand":[],"product_cat":[23],"product_tag":[],"class_list":{"0":"post-2286","1":"product","2":"type-product","3":"status-publish","4":"has-post-thumbnail","6":"product_cat-sin-categorizar","7":"desktop-align-left","8":"tablet-align-left","9":"mobile-align-left","11":"first","12":"instock","13":"taxable","14":"shipping-taxable","15":"purchasable","16":"product-type-variable"},"_links":{"self":[{"href":"https:\/\/thehealthsource.com.mx\/index.php?rest_route=\/wp\/v2\/product\/2286","targetHints":{"allow":["GET"]}}],"collection":[{"href":"https:\/\/thehealthsource.com.mx\/index.php?rest_route=\/wp\/v2\/product"}],"about":[{"href":"https:\/\/thehealthsource.com.mx\/index.php?rest_route=\/wp\/v2\/types\/product"}],"version-history":[{"count":4,"href":"https:\/\/thehealthsource.com.mx\/index.php?rest_route=\/wp\/v2\/product\/2286\/revisions"}],"predecessor-version":[{"id":2682,"href":"https:\/\/thehealthsource.com.mx\/index.php?rest_route=\/wp\/v2\/product\/2286\/revisions\/2682"}],"wp:featuredmedia":[{"embeddable":true,"href":"https:\/\/thehealthsource.com.mx\/index.php?rest_route=\/wp\/v2\/media\/2310"}],"wp:attachment":[{"href":"https:\/\/thehealthsource.com.mx\/index.php?rest_route=%2Fwp%2Fv2%2Fmedia&parent=2286"}],"wp:term":[{"taxonomy":"product_brand","embeddable":true,"href":"https:\/\/thehealthsource.com.mx\/index.php?rest_route=%2Fwp%2Fv2%2Fproduct_brand&post=2286"},{"taxonomy":"product_cat","embeddable":true,"href":"https:\/\/thehealthsource.com.mx\/index.php?rest_route=%2Fwp%2Fv2%2Fproduct_cat&post=2286"},{"taxonomy":"product_tag","embeddable":true,"href":"https:\/\/thehealthsource.com.mx\/index.php?rest_route=%2Fwp%2Fv2%2Fproduct_tag&post=2286"}],"curies":[{"name":"wp","href":"https:\/\/api.w.org\/{rel}","templated":true}]}}