{"id":2425,"date":"2024-04-02T19:30:46","date_gmt":"2024-04-02T19:30:46","guid":{"rendered":"https:\/\/thehealthsource.com.mx\/?post_type=product&#038;p=2425"},"modified":"2026-02-16T09:14:19","modified_gmt":"2026-02-16T15:14:19","slug":"vaso-para-nino-con-popote","status":"publish","type":"product","link":"https:\/\/thehealthsource.com.mx\/?product=vaso-para-nino-con-popote","title":{"rendered":"Vaso para ni\u00f1o con popote"},"content":{"rendered":"","protected":false},"excerpt":{"rendered":"<p>Nuestro vaso para ni\u00f1os de 10 oz (296ml) es f\u00e1cil de sostener para las manos m\u00e1s peque\u00f1as, cabe en la mayor\u00eda de los portavasos de cochecitos y asientos de autom\u00f3vil y viene con una tapa con popote a prueba de salpicaduras . Tanto el vaso como el popote est\u00e1n fabricados con un 90 % de acero inoxidable reciclado libre de BPA. Cuenta con acabado Klean Coat\u00ae pintura duradera que mantiene los colores brillantes y libres de rayones. <em>\u00a0 NO es a prueba de fugas. Recomendado para mayores de 3 a\u00f1os.<\/em><\/p>\n","protected":false},"featured_media":2432,"template":"","meta":{"site-sidebar-layout":"default","site-content-layout":"default","ast-site-content-layout":"default","site-content-style":"default","site-sidebar-style":"default","ast-global-header-display":"","ast-banner-title-visibility":"","ast-main-header-display":"","ast-hfb-above-header-display":"","ast-hfb-below-header-display":"","ast-hfb-mobile-header-display":"","site-post-title":"","ast-breadcrumbs-content":"","ast-featured-img":"","footer-sml-layout":"","ast-disable-related-posts":"","theme-transparent-header-meta":"default","adv-header-id-meta":"","stick-header-meta":"","header-above-stick-meta":"","header-main-stick-meta":"","header-below-stick-meta":"","astra-migrate-meta-layouts":"set","ast-page-background-enabled":"default","ast-page-background-meta":{"desktop":{"background-color":"","background-image":"","background-repeat":"repeat","background-position":"center center","background-size":"auto","background-attachment":"scroll","background-type":"","background-media":"","overlay-type":"","overlay-color":"","overlay-opacity":"","overlay-gradient":""},"tablet":{"background-color":"","background-image":"","background-repeat":"repeat","background-position":"center center","background-size":"auto","background-attachment":"scroll","background-type":"","background-media":"","overlay-type":"","overlay-color":"","overlay-opacity":"","overlay-gradient":""},"mobile":{"background-color":"","background-image":"","background-repeat":"repeat","background-position":"center center","background-size":"auto","background-attachment":"scroll","background-type":"","background-media":"","overlay-type":"","overlay-color":"","overlay-opacity":"","overlay-gradient":""}},"ast-content-background-meta":{"desktop":{"background-color":"var(--ast-global-color-5)","background-image":"","background-repeat":"repeat","background-position":"center center","background-size":"auto","background-attachment":"scroll","background-type":"","background-media":"","overlay-type":"","overlay-color":"","overlay-opacity":"","overlay-gradient":""},"tablet":{"background-color":"var(--ast-global-color-5)","background-image":"","background-repeat":"repeat","background-position":"center center","background-size":"auto","background-attachment":"scroll","background-type":"","background-media":"","overlay-type":"","overlay-color":"","overlay-opacity":"","overlay-gradient":""},"mobile":{"background-color":"var(--ast-global-color-5)","background-image":"","background-repeat":"repeat","background-position":"center center","background-size":"auto","background-attachment":"scroll","background-type":"","background-media":"","overlay-type":"","overlay-color":"","overlay-opacity":"","overlay-gradient":""}}},"product_brand":[],"product_cat":[24,41],"product_tag":[],"class_list":{"0":"post-2425","1":"product","2":"type-product","3":"status-publish","4":"has-post-thumbnail","6":"product_cat-kid-kanteen","7":"product_cat-no-termico","8":"desktop-align-left","9":"tablet-align-left","10":"mobile-align-left","12":"first","13":"outofstock","14":"taxable","15":"shipping-taxable","16":"purchasable","17":"product-type-variable"},"_links":{"self":[{"href":"https:\/\/thehealthsource.com.mx\/index.php?rest_route=\/wp\/v2\/product\/2425","targetHints":{"allow":["GET"]}}],"collection":[{"href":"https:\/\/thehealthsource.com.mx\/index.php?rest_route=\/wp\/v2\/product"}],"about":[{"href":"https:\/\/thehealthsource.com.mx\/index.php?rest_route=\/wp\/v2\/types\/product"}],"version-history":[{"count":3,"href":"https:\/\/thehealthsource.com.mx\/index.php?rest_route=\/wp\/v2\/product\/2425\/revisions"}],"predecessor-version":[{"id":2438,"href":"https:\/\/thehealthsource.com.mx\/index.php?rest_route=\/wp\/v2\/product\/2425\/revisions\/2438"}],"wp:featuredmedia":[{"embeddable":true,"href":"https:\/\/thehealthsource.com.mx\/index.php?rest_route=\/wp\/v2\/media\/2432"}],"wp:attachment":[{"href":"https:\/\/thehealthsource.com.mx\/index.php?rest_route=%2Fwp%2Fv2%2Fmedia&parent=2425"}],"wp:term":[{"taxonomy":"product_brand","embeddable":true,"href":"https:\/\/thehealthsource.com.mx\/index.php?rest_route=%2Fwp%2Fv2%2Fproduct_brand&post=2425"},{"taxonomy":"product_cat","embeddable":true,"href":"https:\/\/thehealthsource.com.mx\/index.php?rest_route=%2Fwp%2Fv2%2Fproduct_cat&post=2425"},{"taxonomy":"product_tag","embeddable":true,"href":"https:\/\/thehealthsource.com.mx\/index.php?rest_route=%2Fwp%2Fv2%2Fproduct_tag&post=2425"}],"curies":[{"name":"wp","href":"https:\/\/api.w.org\/{rel}","templated":true}]}}