{"id":2604,"date":"2026-01-15T10:03:55","date_gmt":"2026-01-15T16:03:55","guid":{"rendered":"https:\/\/thehealthsource.com.mx\/?post_type=product&#038;p=2604"},"modified":"2026-01-21T17:17:06","modified_gmt":"2026-01-21T23:17:06","slug":"taza-camp","status":"publish","type":"product","link":"https:\/\/thehealthsource.com.mx\/?product=taza-camp","title":{"rendered":"Taza Camp"},"content":{"rendered":"<p>Nuestra taza de campamento de 355 ml es una taza de caf\u00e9 de hermosa dise\u00f1o, hecha con 90 % de acero inoxidable 18\/8, con asa ergon\u00f3mica, tapa a prueba de salpicaduras y aislamiento al vac\u00edo Climate Lock&#x2122;. Su dise\u00f1o robusto y elegante la hace perfecta para casi cualquier lugar, desde la fogata hasta la cafeter\u00eda.\u00a0 Mantiene tu bebida caliente por 2 hrs y fria hasta por 6 hrs aproximadamente.<\/p>\n","protected":false},"excerpt":{"rendered":"<p>Nuestra taza de campamento de 355 ml es una taza de caf\u00e9 de hermosa dise\u00f1o, hecha con 90 % de acero inoxidable 18\/8, con asa ergon\u00f3mica, tapa a prueba de salpicaduras y aislamiento al vac\u00edo Climate Lock&#x2122;. Su dise\u00f1o robusto y elegante la hace perfecta para casi cualquier lugar, desde la fogata hasta la cafeter\u00eda.\u00a0 [&hellip;]<\/p>\n","protected":false},"featured_media":2658,"template":"","meta":{"site-sidebar-layout":"default","site-content-layout":"","ast-site-content-layout":"default","site-content-style":"default","site-sidebar-style":"default","ast-global-header-display":"","ast-banner-title-visibility":"","ast-main-header-display":"","ast-hfb-above-header-display":"","ast-hfb-below-header-display":"","ast-hfb-mobile-header-display":"","site-post-title":"","ast-breadcrumbs-content":"","ast-featured-img":"","footer-sml-layout":"","ast-disable-related-posts":"","theme-transparent-header-meta":"default","adv-header-id-meta":"","stick-header-meta":"","header-above-stick-meta":"","header-main-stick-meta":"","header-below-stick-meta":"","astra-migrate-meta-layouts":"set","ast-page-background-enabled":"default","ast-page-background-meta":{"desktop":{"background-color":"","background-image":"","background-repeat":"repeat","background-position":"center center","background-size":"auto","background-attachment":"scroll","background-type":"","background-media":"","overlay-type":"","overlay-color":"","overlay-opacity":"","overlay-gradient":""},"tablet":{"background-color":"","background-image":"","background-repeat":"repeat","background-position":"center center","background-size":"auto","background-attachment":"scroll","background-type":"","background-media":"","overlay-type":"","overlay-color":"","overlay-opacity":"","overlay-gradient":""},"mobile":{"background-color":"","background-image":"","background-repeat":"repeat","background-position":"center center","background-size":"auto","background-attachment":"scroll","background-type":"","background-media":"","overlay-type":"","overlay-color":"","overlay-opacity":"","overlay-gradient":""}},"ast-content-background-meta":{"desktop":{"background-color":"var(--ast-global-color-5)","background-image":"","background-repeat":"repeat","background-position":"center center","background-size":"auto","background-attachment":"scroll","background-type":"","background-media":"","overlay-type":"","overlay-color":"","overlay-opacity":"","overlay-gradient":""},"tablet":{"background-color":"var(--ast-global-color-5)","background-image":"","background-repeat":"repeat","background-position":"center center","background-size":"auto","background-attachment":"scroll","background-type":"","background-media":"","overlay-type":"","overlay-color":"","overlay-opacity":"","overlay-gradient":""},"mobile":{"background-color":"var(--ast-global-color-5)","background-image":"","background-repeat":"repeat","background-position":"center center","background-size":"auto","background-attachment":"scroll","background-type":"","background-media":"","overlay-type":"","overlay-color":"","overlay-opacity":"","overlay-gradient":""}}},"product_brand":[],"product_cat":[73],"product_tag":[],"class_list":{"0":"post-2604","1":"product","2":"type-product","3":"status-publish","4":"has-post-thumbnail","6":"product_cat-rise-y-tazas","7":"desktop-align-left","8":"tablet-align-left","9":"mobile-align-left","11":"first","12":"instock","13":"taxable","14":"shipping-taxable","15":"purchasable","16":"product-type-variable"},"_links":{"self":[{"href":"https:\/\/thehealthsource.com.mx\/index.php?rest_route=\/wp\/v2\/product\/2604","targetHints":{"allow":["GET"]}}],"collection":[{"href":"https:\/\/thehealthsource.com.mx\/index.php?rest_route=\/wp\/v2\/product"}],"about":[{"href":"https:\/\/thehealthsource.com.mx\/index.php?rest_route=\/wp\/v2\/types\/product"}],"version-history":[{"count":3,"href":"https:\/\/thehealthsource.com.mx\/index.php?rest_route=\/wp\/v2\/product\/2604\/revisions"}],"predecessor-version":[{"id":2648,"href":"https:\/\/thehealthsource.com.mx\/index.php?rest_route=\/wp\/v2\/product\/2604\/revisions\/2648"}],"wp:featuredmedia":[{"embeddable":true,"href":"https:\/\/thehealthsource.com.mx\/index.php?rest_route=\/wp\/v2\/media\/2658"}],"wp:attachment":[{"href":"https:\/\/thehealthsource.com.mx\/index.php?rest_route=%2Fwp%2Fv2%2Fmedia&parent=2604"}],"wp:term":[{"taxonomy":"product_brand","embeddable":true,"href":"https:\/\/thehealthsource.com.mx\/index.php?rest_route=%2Fwp%2Fv2%2Fproduct_brand&post=2604"},{"taxonomy":"product_cat","embeddable":true,"href":"https:\/\/thehealthsource.com.mx\/index.php?rest_route=%2Fwp%2Fv2%2Fproduct_cat&post=2604"},{"taxonomy":"product_tag","embeddable":true,"href":"https:\/\/thehealthsource.com.mx\/index.php?rest_route=%2Fwp%2Fv2%2Fproduct_tag&post=2604"}],"curies":[{"name":"wp","href":"https:\/\/api.w.org\/{rel}","templated":true}]}}